{"id":1428,"date":"2018-05-10T13:49:19","date_gmt":"2018-05-10T13:49:19","guid":{"rendered":"http:\/\/tomasbordalejo.com\/?page_id=1428"},"modified":"2021-02-17T14:27:20","modified_gmt":"2021-02-17T14:27:20","slug":"accueil","status":"publish","type":"page","link":"https:\/\/tomasbordalejo.com\/es","title":{"rendered":"INICIO"},"content":{"rendered":"<section class=\"l-section wpb_row height_medium\"><div class=\"l-section-h i-cf\"><div class=\"g-cols vc_row via_flex valign_top type_default stacking_default\"><div class=\"vc_col-sm-12 wpb_column vc_column_container\"><div class=\"vc_column-inner\"><div class=\"wpb_wrapper\"><div class=\"g-cols wpb_row via_flex valign_top type_default stacking_default\"><div class=\"vc_col-sm-12 wpb_column vc_column_container\"><div class=\"vc_column-inner\"><div class=\"wpb_wrapper\"><div class=\"w-image align_center\"><a ref=\"magnificPopup\" href=\"https:\/\/tomasbordalejo.com\/wp-content\/uploads\/2021\/02\/DSC2325-scaled.jpg\" aria-label=\"Photo : Julien Benhamou\" class=\"w-image-h\"><img decoding=\"async\" width=\"2560\" height=\"1704\" src=\"https:\/\/tomasbordalejo.com\/wp-content\/uploads\/2021\/02\/DSC2325-scaled.jpg\" class=\"attachment-full size-full\" alt=\"\" loading=\"lazy\" srcset=\"https:\/\/tomasbordalejo.com\/wp-content\/uploads\/2021\/02\/DSC2325-scaled.jpg 2560w, https:\/\/tomasbordalejo.com\/wp-content\/uploads\/2021\/02\/DSC2325-300x200.jpg 300w, https:\/\/tomasbordalejo.com\/wp-content\/uploads\/2021\/02\/DSC2325-1024x682.jpg 1024w, https:\/\/tomasbordalejo.com\/wp-content\/uploads\/2021\/02\/DSC2325-600x399.jpg 600w, https:\/\/tomasbordalejo.com\/wp-content\/uploads\/2021\/02\/DSC2325-768x511.jpg 768w\" sizes=\"auto, (max-width: 2560px) 100vw, 2560px\" \/><\/a><\/div><\/div><\/div><\/div><\/div><div class=\"g-cols wpb_row via_flex valign_top type_default stacking_default\"><div class=\"vc_col-sm-12 wpb_column vc_column_container\"><div class=\"vc_column-inner\"><div class=\"wpb_wrapper\"><div class=\"w-separator size_custom\" style=\"height:32px\"><\/div><\/div><\/div><\/div><\/div><div class=\"g-cols wpb_row us_custom_d9a58ce9 via_flex valign_top type_default stacking_default\"><div class=\"vc_col-sm-12 wpb_column vc_column_container us_animate_afl\"><div class=\"vc_column-inner\"><div class=\"wpb_wrapper\"><div class=\"wpb_text_column us_custom_b1a4f9dd\"><div class=\"wpb_wrapper\"><h3>Alejado de los academicismos musicales, Tom\u00e1s Bordalejo se nutre tanto de los mundos sonoros con los que convive como del intercambio con los instrumentistas, para construir una m\u00fasica tan abstracta como viva y personal.<\/h3>\n<h3>Su trabajo se inscribe en una verdadera b\u00fasqueda composicional, marcada por un di\u00e1logo constante con las artes, la arquitectura, el urbanismo, o mismo la filosof\u00eda.<\/h3>\n<h3>Cada obra atestigua una puesta en escena de la materia sonora y de una reflexi\u00f3n nueva, con respecto a la t\u00e9cnica instrumental.<\/h3>\n<\/div><\/div><div class=\"w-separator us_custom_4076faf9 has_text_color size_medium with_line width_default thick_1 style_double color_border align_center\"><div class=\"w-separator-h\"><\/div><\/div><\/div><\/div><\/div><\/div><div class=\"g-cols wpb_row us_custom_5747ab42 via_flex valign_top type_default stacking_default\"><div class=\"vc_col-sm-6 wpb_column vc_column_container us_animate_afl\"><div class=\"vc_column-inner\"><div class=\"wpb_wrapper\"><div class=\"wpb_text_column\"><div class=\"wpb_wrapper\"><h2 style=\"text-align: center;\"><span style=\"text-decoration: underline;\">Los sonidos del momento<br \/>\n<\/span><\/h2>\n<\/div><\/div><div class=\"w-separator size_custom\" style=\"height:12px\"><\/div><div class=\"wpb_text_column\"><div class=\"wpb_wrapper\"><ul class=\"random_post_list\"><li><a href=\"https:\/\/tomasbordalejo.com\/es\/portfolio\/en-rappel_esp\"><img decoding=\"async\" src=\"https:\/\/tomasbordalejo.com\/wp-content\/uploads\/2018\/06\/En_Rappel-150x150.png\"><span>En Rappel<\/span><\/a><\/li><li><a href=\"https:\/\/tomasbordalejo.com\/es\/portfolio\/tango-des-lilas_esp\"><img decoding=\"async\" src=\"https:\/\/tomasbordalejo.com\/wp-content\/uploads\/2018\/06\/Tango_des_Lilas-150x150.png\"><span>Tango des Lilas<\/span><\/a><\/li><li><a href=\"https:\/\/tomasbordalejo.com\/es\/portfolio\/3-etudes-sur-webern_esp\"><img decoding=\"async\" src=\"https:\/\/tomasbordalejo.com\/wp-content\/uploads\/2018\/06\/webern-V2-150x150.png\"><span>3 estudios sobre Webern<\/span><\/a><\/li><\/ul>\n<\/div><\/div><\/div><\/div><\/div><div class=\"vc_col-sm-6 wpb_column vc_column_container us_animate_afr\"><div class=\"vc_column-inner\"><div class=\"wpb_wrapper\"><div class=\"wpb_text_column\"><div class=\"wpb_wrapper\"><h2 style=\"text-align: center;\"><span style=\"text-decoration: underline;\">Actualidades<\/span><\/h2>\n<\/div><\/div><div class=\"w-separator size_custom\" style=\"height:12px\"><\/div><div class=\"w-grid us_grid type_grid layout_1836 cols_1 preload_style_spinner\" id=\"us_grid_1\" style=\"--columns:1;--gap:5rem;\" data-filterable=\"true\"><style>.layout_1836 .w-grid-item-h{}.layout_1836 .usg_post_image_1{margin-right:5%!important;margin-left:0!important;width:30%!important}.layout_1836 .usg_post_title_1{font-family:var(--font-family)!important}<\/style><div class=\"w-grid-list\">\t<article class=\"w-grid-item size_1x1 post-2382 post type-post status-publish format-standard has-post-thumbnail hentry category-news-es\" data-id=\"2382\">\r\n\t\t<div class=\"w-grid-item-h\">\r\n\t\t\t\t\t\t<div class=\"w-hwrapper usg_hwrapper_1 responsive align_left valign_top\"><div class=\"w-post-elm post_image usg_post_image_1 has_width stretched\"><a href=\"https:\/\/tomasbordalejo.com\/es\/baguala-estreno-david-kadouch-la-scala-paris\" aria-label=\"Baguala, David Kadouch, La Scala Paris. Estreno el 11 de octubre del 2019\"><img loading=\"lazy\" decoding=\"async\" width=\"350\" height=\"350\" src=\"https:\/\/tomasbordalejo.com\/wp-content\/uploads\/2019\/08\/Capture-d\u2019e\u0301cran-2019-08-16-a\u0300-10.37.22-350x350.png\" class=\"attachment-us_350_350_crop size-us_350_350_crop wp-post-image\" alt=\"\" srcset=\"https:\/\/tomasbordalejo.com\/wp-content\/uploads\/2019\/08\/Capture-d\u2019e\u0301cran-2019-08-16-a\u0300-10.37.22-350x350.png 350w, https:\/\/tomasbordalejo.com\/wp-content\/uploads\/2019\/08\/Capture-d\u2019e\u0301cran-2019-08-16-a\u0300-10.37.22-150x150.png 150w, https:\/\/tomasbordalejo.com\/wp-content\/uploads\/2019\/08\/Capture-d\u2019e\u0301cran-2019-08-16-a\u0300-10.37.22-300x300.png 300w, https:\/\/tomasbordalejo.com\/wp-content\/uploads\/2019\/08\/Capture-d\u2019e\u0301cran-2019-08-16-a\u0300-10.37.22-50x50.png 50w, https:\/\/tomasbordalejo.com\/wp-content\/uploads\/2019\/08\/Capture-d\u2019e\u0301cran-2019-08-16-a\u0300-10.37.22.png 527w\" sizes=\"auto, (max-width: 350px) 100vw, 350px\" \/><\/a><\/div><div class=\"w-vwrapper usg_vwrapper_1 align_left valign_top\"><h2 class=\"w-post-elm post_title usg_post_title_1 entry-title color_link_inherit\"><a href=\"https:\/\/tomasbordalejo.com\/es\/baguala-estreno-david-kadouch-la-scala-paris\">Baguala, David Kadouch, La Scala Paris. Estreno el 11 de octubre del 2019<\/a><\/h2><\/div><\/div>\t\t<\/div>\r\n\t\t\t<\/article>\r\n\t<article class=\"w-grid-item size_1x1 post-1636 post type-post status-publish format-standard has-post-thumbnail hentry category-news-es\" data-id=\"1636\">\r\n\t\t<div class=\"w-grid-item-h\">\r\n\t\t\t\t\t\t<div class=\"w-hwrapper usg_hwrapper_1 responsive align_left valign_top\"><div class=\"w-post-elm post_image usg_post_image_1 has_width stretched\"><a href=\"https:\/\/tomasbordalejo.com\/es\/las-horas-concerto-pour-percussion-et-ensemble-avec-quentin-dubreuil-et-lensemble-2e2m-creation-en-2020_esp\" aria-label=\"Las Horas, Concierto para Percusi\u00f3n, Quentin Dubreuil, Ensamble 2e2m. Estreno el 6 de marzo del 2020\"><img loading=\"lazy\" decoding=\"async\" width=\"350\" height=\"350\" src=\"https:\/\/tomasbordalejo.com\/wp-content\/uploads\/2018\/05\/espace_Temps-1-350x350.png\" class=\"attachment-us_350_350_crop size-us_350_350_crop wp-post-image\" alt=\"tomas bordalejo\" srcset=\"https:\/\/tomasbordalejo.com\/wp-content\/uploads\/2018\/05\/espace_Temps-1-350x350.png 350w, https:\/\/tomasbordalejo.com\/wp-content\/uploads\/2018\/05\/espace_Temps-1-150x150.png 150w, https:\/\/tomasbordalejo.com\/wp-content\/uploads\/2018\/05\/espace_Temps-1-600x600.png 600w, https:\/\/tomasbordalejo.com\/wp-content\/uploads\/2018\/05\/espace_Temps-1-50x50.png 50w\" sizes=\"auto, (max-width: 350px) 100vw, 350px\" \/><\/a><\/div><div class=\"w-vwrapper usg_vwrapper_1 align_left valign_top\"><h2 class=\"w-post-elm post_title usg_post_title_1 entry-title color_link_inherit\"><a href=\"https:\/\/tomasbordalejo.com\/es\/las-horas-concerto-pour-percussion-et-ensemble-avec-quentin-dubreuil-et-lensemble-2e2m-creation-en-2020_esp\">Las Horas, Concierto para Percusi\u00f3n, Quentin Dubreuil, Ensamble 2e2m. Estreno el 6 de marzo del 2020<\/a><\/h2><\/div><\/div>\t\t<\/div>\r\n\t\t\t<\/article>\r\n<\/div>\t<div class=\"w-grid-preloader\">\r\n\t\t<div class=\"g-preloader type_1\">\r\n\t\t\t<div><\/div>\r\n\t\t<\/div>\r\n\t<\/div>\r\n\t\t<div class=\"w-grid-json hidden\" onclick='return {&quot;action&quot;:&quot;us_ajax_grid&quot;,&quot;infinite_scroll&quot;:0,&quot;max_num_pages&quot;:1,&quot;pagination&quot;:&quot;none&quot;,&quot;template_vars&quot;:{&quot;columns&quot;:&quot;1&quot;,&quot;exclude_items&quot;:&quot;none&quot;,&quot;img_size&quot;:&quot;default&quot;,&quot;ignore_items_size&quot;:0,&quot;items_layout&quot;:&quot;1836&quot;,&quot;items_offset&quot;:&quot;1&quot;,&quot;load_animation&quot;:&quot;none&quot;,&quot;overriding_link&quot;:&quot;{\\&quot;url\\&quot;:\\&quot;\\&quot;}&quot;,&quot;post_id&quot;:0,&quot;query_args&quot;:{&quot;post_type&quot;:[&quot;post&quot;],&quot;tax_query&quot;:[{&quot;taxonomy&quot;:&quot;category&quot;,&quot;field&quot;:&quot;slug&quot;,&quot;terms&quot;:[&quot;news&quot;]}],&quot;post_status&quot;:[&quot;publish&quot;,&quot;acf-disabled&quot;],&quot;posts_per_page&quot;:&quot;10&quot;},&quot;orderby_query_args&quot;:{&quot;orderby&quot;:{&quot;date&quot;:&quot;DESC&quot;}},&quot;type&quot;:&quot;grid&quot;,&quot;us_grid_post_type&quot;:&quot;post&quot;,&quot;us_grid_ajax_index&quot;:1,&quot;us_grid_filter_query_string&quot;:null,&quot;us_grid_index&quot;:1,&quot;page_args&quot;:[],&quot;lang&quot;:&quot;es&quot;}}'><\/div>\r\n\t<\/div><\/div><\/div><\/div><\/div><\/div><\/div><\/div><\/div><\/div><\/section><section class=\"l-section wpb_row height_medium\"><div class=\"l-section-h i-cf\"><div class=\"g-cols vc_row via_flex valign_top type_default stacking_default\"><div class=\"vc_col-sm-12 wpb_column vc_column_container\"><div class=\"vc_column-inner\"><div class=\"wpb_wrapper\"><div class=\"g-cols wpb_row via_flex valign_top type_default stacking_default\"><div class=\"vc_col-sm-12 wpb_column vc_column_container\"><div class=\"vc_column-inner\"><div class=\"wpb_wrapper\"><div class=\"wpb_text_column\"><div class=\"wpb_wrapper\"><div class=\"carousel-slider-outer carousel-slider-outer-image-carousel carousel-slider-outer-1701\" style=\"--carousel-slider-nav-color:#f1f1f1;--carousel-slider-active-nav-color:#00d1b2;--carousel-slider-arrow-size:48px;--carousel-slider-bullet-size:10px\">\n<div id=\"&#039;id-1701\" class=\"carousel-slider carousel-slider-1701 arrows-visibility-hover dots-visibility-never arrows-outside dots-center dots-square owl-carousel\" data-slide-type=\"image-carousel\" data-owl-settings='{\"nav\":true,\"dots\":false,\"slideBy\":1,\"stagePadding\":0,\"margin\":10,\"loop\":true,\"lazyLoad\":false,\"autoplay\":true,\"autoplayTimeout\":5000,\"autoplaySpeed\":500,\"autoplayHoverPause\":true,\"autoWidth\":false,\"responsive\":{\"300\":{\"items\":1},\"576\":{\"items\":2},\"768\":{\"items\":2},\"1024\":{\"items\":3},\"1280\":{\"items\":4},\"1536\":{\"items\":5}}}'>\n<div class=\"carousel-slider__item\">\n\t<img loading=\"lazy\" decoding=\"async\" width=\"850\" height=\"300\" src=\"https:\/\/tomasbordalejo.com\/wp-content\/uploads\/2018\/10\/Citation-DUSAPIN-1.jpg\" class=\"attachment-large size-large\" alt=\"\" srcset=\"https:\/\/tomasbordalejo.com\/wp-content\/uploads\/2018\/10\/Citation-DUSAPIN-1.jpg 850w, https:\/\/tomasbordalejo.com\/wp-content\/uploads\/2018\/10\/Citation-DUSAPIN-1-300x106.jpg 300w, https:\/\/tomasbordalejo.com\/wp-content\/uploads\/2018\/10\/Citation-DUSAPIN-1-768x271.jpg 768w, https:\/\/tomasbordalejo.com\/wp-content\/uploads\/2018\/10\/Citation-DUSAPIN-1-600x212.jpg 600w\" sizes=\"auto, (max-width: 850px) 100vw, 850px\" \/><\/a><\/div>\n\n<div class=\"carousel-slider__item\">\n\t<img loading=\"lazy\" decoding=\"async\" width=\"850\" height=\"300\" src=\"https:\/\/tomasbordalejo.com\/wp-content\/uploads\/2018\/10\/Citation-EOTVOS.jpg\" class=\"attachment-large size-large\" alt=\"\" srcset=\"https:\/\/tomasbordalejo.com\/wp-content\/uploads\/2018\/10\/Citation-EOTVOS.jpg 850w, https:\/\/tomasbordalejo.com\/wp-content\/uploads\/2018\/10\/Citation-EOTVOS-300x106.jpg 300w, https:\/\/tomasbordalejo.com\/wp-content\/uploads\/2018\/10\/Citation-EOTVOS-768x271.jpg 768w, https:\/\/tomasbordalejo.com\/wp-content\/uploads\/2018\/10\/Citation-EOTVOS-600x212.jpg 600w\" sizes=\"auto, (max-width: 850px) 100vw, 850px\" \/><\/a><\/div>\n\n<div class=\"carousel-slider__item\">\n\t<img loading=\"lazy\" decoding=\"async\" width=\"1024\" height=\"361\" src=\"https:\/\/tomasbordalejo.com\/wp-content\/uploads\/2018\/10\/Citation-CAVANNA-1024x361.jpg\" class=\"attachment-large size-large\" alt=\"\" srcset=\"https:\/\/tomasbordalejo.com\/wp-content\/uploads\/2018\/10\/Citation-CAVANNA-1024x361.jpg 1024w, https:\/\/tomasbordalejo.com\/wp-content\/uploads\/2018\/10\/Citation-CAVANNA-300x106.jpg 300w, https:\/\/tomasbordalejo.com\/wp-content\/uploads\/2018\/10\/Citation-CAVANNA-768x271.jpg 768w, https:\/\/tomasbordalejo.com\/wp-content\/uploads\/2018\/10\/Citation-CAVANNA-600x212.jpg 600w, https:\/\/tomasbordalejo.com\/wp-content\/uploads\/2018\/10\/Citation-CAVANNA.jpg 1771w\" sizes=\"auto, (max-width: 1024px) 100vw, 1024px\" \/><\/a><\/div>\n\n<div class=\"carousel-slider__item\">\n\t<img loading=\"lazy\" decoding=\"async\" width=\"1024\" height=\"361\" src=\"https:\/\/tomasbordalejo.com\/wp-content\/uploads\/2018\/10\/Citation-MARESZ-1024x361.jpg\" class=\"attachment-large size-large\" alt=\"\" srcset=\"https:\/\/tomasbordalejo.com\/wp-content\/uploads\/2018\/10\/Citation-MARESZ-1024x361.jpg 1024w, https:\/\/tomasbordalejo.com\/wp-content\/uploads\/2018\/10\/Citation-MARESZ-300x106.jpg 300w, https:\/\/tomasbordalejo.com\/wp-content\/uploads\/2018\/10\/Citation-MARESZ-768x271.jpg 768w, https:\/\/tomasbordalejo.com\/wp-content\/uploads\/2018\/10\/Citation-MARESZ-600x212.jpg 600w, https:\/\/tomasbordalejo.com\/wp-content\/uploads\/2018\/10\/Citation-MARESZ.jpg 1771w\" sizes=\"auto, (max-width: 1024px) 100vw, 1024px\" \/><\/a><\/div>\n\n<\/div><!-- .carousel-slider-1701 -->\n<\/div><!-- .carousel-slider-outer-1701 -->\n\n<\/div><\/div><\/div><\/div><\/div><\/div><\/div><\/div><\/div><\/div><\/div><\/section>\n","protected":false},"excerpt":{"rendered":"Las Horas, Concierto para Percusi\u00f3n y Ensamble con Quentin Dubreuil y el Ensamble 2e2m. Estreno en 2020.","protected":false},"author":4,"featured_media":0,"parent":0,"menu_order":0,"comment_status":"closed","ping_status":"closed","template":"","meta":{"_acf_changed":false,"footnotes":""},"class_list":["post-1428","page","type-page","status-publish","hentry"],"acf":[],"yoast_head":"<!-- This site is optimized with the Yoast SEO plugin v27.1.1 - https:\/\/yoast.com\/product\/yoast-seo-wordpress\/ -->\n<title>INICIO - Tom\u00e1s Bordalejo, compositeur<\/title>\n<meta name=\"robots\" content=\"index, follow, max-snippet:-1, max-image-preview:large, max-video-preview:-1\" \/>\n<link rel=\"canonical\" href=\"https:\/\/tomasbordalejo.com\/es\" \/>\n<meta property=\"og:locale\" content=\"es_ES\" \/>\n<meta property=\"og:type\" content=\"article\" \/>\n<meta property=\"og:title\" content=\"INICIO - Tom\u00e1s Bordalejo, compositeur\" \/>\n<meta property=\"og:url\" content=\"https:\/\/tomasbordalejo.com\/es\" \/>\n<meta property=\"og:site_name\" content=\"Tom\u00e1s Bordalejo, compositeur\" \/>\n<meta property=\"article:publisher\" content=\"https:\/\/www.facebook.com\/tomasbordalejocomposer\" \/>\n<meta property=\"article:modified_time\" content=\"2021-02-17T14:27:20+00:00\" \/>\n<meta name=\"twitter:card\" content=\"summary_large_image\" \/>\n<meta name=\"twitter:site\" content=\"@tbordalejo\" \/>\n<meta name=\"twitter:label1\" content=\"Tiempo de lectura\" \/>\n\t<meta name=\"twitter:data1\" content=\"1 minuto\" \/>\n<script type=\"application\/ld+json\" class=\"yoast-schema-graph\">{\"@context\":\"https:\/\/schema.org\",\"@graph\":[{\"@type\":\"WebPage\",\"@id\":\"https:\/\/tomasbordalejo.com\/es\",\"url\":\"https:\/\/tomasbordalejo.com\/es\",\"name\":\"INICIO - Tom\u00e1s Bordalejo, compositeur\",\"isPartOf\":{\"@id\":\"https:\/\/tomasbordalejo.com\/#website\"},\"datePublished\":\"2018-05-10T13:49:19+00:00\",\"dateModified\":\"2021-02-17T14:27:20+00:00\",\"breadcrumb\":{\"@id\":\"https:\/\/tomasbordalejo.com\/es#breadcrumb\"},\"inLanguage\":\"es\",\"potentialAction\":[{\"@type\":\"ReadAction\",\"target\":[\"https:\/\/tomasbordalejo.com\/es\"]}]},{\"@type\":\"BreadcrumbList\",\"@id\":\"https:\/\/tomasbordalejo.com\/es#breadcrumb\",\"itemListElement\":[{\"@type\":\"ListItem\",\"position\":1,\"name\":\"Accueil\",\"item\":\"https:\/\/tomasbordalejo.com\/es\"},{\"@type\":\"ListItem\",\"position\":2,\"name\":\"INICIO\"}]},{\"@type\":\"WebSite\",\"@id\":\"https:\/\/tomasbordalejo.com\/#website\",\"url\":\"https:\/\/tomasbordalejo.com\/\",\"name\":\"Tom\u00e1s Bordalejo, compositeur\",\"description\":\"Tom\u00e1s Bordalejo, compositeur\",\"publisher\":{\"@id\":\"https:\/\/tomasbordalejo.com\/#\/schema\/person\/6ab7984d30366842bf9b9a8cf71db745\"},\"potentialAction\":[{\"@type\":\"SearchAction\",\"target\":{\"@type\":\"EntryPoint\",\"urlTemplate\":\"https:\/\/tomasbordalejo.com\/?s={search_term_string}\"},\"query-input\":{\"@type\":\"PropertyValueSpecification\",\"valueRequired\":true,\"valueName\":\"search_term_string\"}}],\"inLanguage\":\"es\"},{\"@type\":[\"Person\",\"Organization\"],\"@id\":\"https:\/\/tomasbordalejo.com\/#\/schema\/person\/6ab7984d30366842bf9b9a8cf71db745\",\"name\":\"tomas\",\"image\":{\"@type\":\"ImageObject\",\"inLanguage\":\"es\",\"@id\":\"https:\/\/tomasbordalejo.com\/#\/schema\/person\/image\/\",\"url\":\"https:\/\/secure.gravatar.com\/avatar\/5622e9bc65dd74b310a0f58d971324bd07b851905903245fb7b2a1409351cf0c?s=96&d=mm&r=g\",\"contentUrl\":\"https:\/\/secure.gravatar.com\/avatar\/5622e9bc65dd74b310a0f58d971324bd07b851905903245fb7b2a1409351cf0c?s=96&d=mm&r=g\",\"caption\":\"tomas\"},\"logo\":{\"@id\":\"https:\/\/tomasbordalejo.com\/#\/schema\/person\/image\/\"},\"sameAs\":[\"http:\/\/tomasbordalejo.com\",\"https:\/\/www.facebook.com\/tomasbordalejocomposer\",\"https:\/\/www.instagram.com\/tomasbordalejocomposer\/\",\"https:\/\/x.com\/https:\/\/twitter.com\/tbordalejo\",\"https:\/\/www.youtube.com\/channel\/UCJqnZZkN9ZjsC8W4SxRy9sg?view_as=subscriber\",\"https:\/\/tomasbordalejo.bandcamp.com\/\"]}]}<\/script>\n<!-- \/ Yoast SEO plugin. -->","yoast_head_json":{"title":"INICIO - Tom\u00e1s Bordalejo, compositeur","robots":{"index":"index","follow":"follow","max-snippet":"max-snippet:-1","max-image-preview":"max-image-preview:large","max-video-preview":"max-video-preview:-1"},"canonical":"https:\/\/tomasbordalejo.com\/es","og_locale":"es_ES","og_type":"article","og_title":"INICIO - Tom\u00e1s Bordalejo, compositeur","og_url":"https:\/\/tomasbordalejo.com\/es","og_site_name":"Tom\u00e1s Bordalejo, compositeur","article_publisher":"https:\/\/www.facebook.com\/tomasbordalejocomposer","article_modified_time":"2021-02-17T14:27:20+00:00","twitter_card":"summary_large_image","twitter_site":"@tbordalejo","twitter_misc":{"Tiempo de lectura":"1 minuto"},"schema":{"@context":"https:\/\/schema.org","@graph":[{"@type":"WebPage","@id":"https:\/\/tomasbordalejo.com\/es","url":"https:\/\/tomasbordalejo.com\/es","name":"INICIO - Tom\u00e1s Bordalejo, compositeur","isPartOf":{"@id":"https:\/\/tomasbordalejo.com\/#website"},"datePublished":"2018-05-10T13:49:19+00:00","dateModified":"2021-02-17T14:27:20+00:00","breadcrumb":{"@id":"https:\/\/tomasbordalejo.com\/es#breadcrumb"},"inLanguage":"es","potentialAction":[{"@type":"ReadAction","target":["https:\/\/tomasbordalejo.com\/es"]}]},{"@type":"BreadcrumbList","@id":"https:\/\/tomasbordalejo.com\/es#breadcrumb","itemListElement":[{"@type":"ListItem","position":1,"name":"Accueil","item":"https:\/\/tomasbordalejo.com\/es"},{"@type":"ListItem","position":2,"name":"INICIO"}]},{"@type":"WebSite","@id":"https:\/\/tomasbordalejo.com\/#website","url":"https:\/\/tomasbordalejo.com\/","name":"Tom\u00e1s Bordalejo, compositeur","description":"Tom\u00e1s Bordalejo, compositeur","publisher":{"@id":"https:\/\/tomasbordalejo.com\/#\/schema\/person\/6ab7984d30366842bf9b9a8cf71db745"},"potentialAction":[{"@type":"SearchAction","target":{"@type":"EntryPoint","urlTemplate":"https:\/\/tomasbordalejo.com\/?s={search_term_string}"},"query-input":{"@type":"PropertyValueSpecification","valueRequired":true,"valueName":"search_term_string"}}],"inLanguage":"es"},{"@type":["Person","Organization"],"@id":"https:\/\/tomasbordalejo.com\/#\/schema\/person\/6ab7984d30366842bf9b9a8cf71db745","name":"tomas","image":{"@type":"ImageObject","inLanguage":"es","@id":"https:\/\/tomasbordalejo.com\/#\/schema\/person\/image\/","url":"https:\/\/secure.gravatar.com\/avatar\/5622e9bc65dd74b310a0f58d971324bd07b851905903245fb7b2a1409351cf0c?s=96&d=mm&r=g","contentUrl":"https:\/\/secure.gravatar.com\/avatar\/5622e9bc65dd74b310a0f58d971324bd07b851905903245fb7b2a1409351cf0c?s=96&d=mm&r=g","caption":"tomas"},"logo":{"@id":"https:\/\/tomasbordalejo.com\/#\/schema\/person\/image\/"},"sameAs":["http:\/\/tomasbordalejo.com","https:\/\/www.facebook.com\/tomasbordalejocomposer","https:\/\/www.instagram.com\/tomasbordalejocomposer\/","https:\/\/x.com\/https:\/\/twitter.com\/tbordalejo","https:\/\/www.youtube.com\/channel\/UCJqnZZkN9ZjsC8W4SxRy9sg?view_as=subscriber","https:\/\/tomasbordalejo.bandcamp.com\/"]}]}},"_links":{"self":[{"href":"https:\/\/tomasbordalejo.com\/es\/wp-json\/wp\/v2\/pages\/1428","targetHints":{"allow":["GET"]}}],"collection":[{"href":"https:\/\/tomasbordalejo.com\/es\/wp-json\/wp\/v2\/pages"}],"about":[{"href":"https:\/\/tomasbordalejo.com\/es\/wp-json\/wp\/v2\/types\/page"}],"author":[{"embeddable":true,"href":"https:\/\/tomasbordalejo.com\/es\/wp-json\/wp\/v2\/users\/4"}],"replies":[{"embeddable":true,"href":"https:\/\/tomasbordalejo.com\/es\/wp-json\/wp\/v2\/comments?post=1428"}],"version-history":[{"count":19,"href":"https:\/\/tomasbordalejo.com\/es\/wp-json\/wp\/v2\/pages\/1428\/revisions"}],"predecessor-version":[{"id":1431,"href":"https:\/\/tomasbordalejo.com\/es\/wp-json\/wp\/v2\/pages\/1428\/revisions\/1431"}],"wp:attachment":[{"href":"https:\/\/tomasbordalejo.com\/es\/wp-json\/wp\/v2\/media?parent=1428"}],"curies":[{"name":"wp","href":"https:\/\/api.w.org\/{rel}","templated":true}]}}