{"id":1616,"date":"2018-06-08T08:57:43","date_gmt":"2018-06-08T08:57:43","guid":{"rendered":"http:\/\/tomasbordalejo.com\/projets-a-venir"},"modified":"2019-04-28T15:40:37","modified_gmt":"2019-04-28T15:40:37","slug":"proyectos_futuros","status":"publish","type":"page","link":"https:\/\/tomasbordalejo.com\/es\/proyectos_futuros","title":{"rendered":"PROYECTOS"},"content":{"rendered":"<section class=\"l-section wpb_row height_medium\"><div class=\"l-section-h i-cf\"><div class=\"g-cols vc_row via_flex valign_top type_default stacking_default\"><div class=\"vc_col-sm-12 wpb_column vc_column_container\"><div class=\"vc_column-inner\"><div class=\"wpb_wrapper\"><div class=\"wpb_text_column\"><div class=\"wpb_wrapper\"><h2 style=\"text-align: center\"><span style=\"text-decoration: underline\">Proyectos futuros&#8230;<\/span><\/h2>\n<\/div><\/div><div class=\"w-separator size_custom\" style=\"height:32px\"><\/div><div class=\"w-grid us_grid type_grid layout_1823 cols_3 preload_style_spinner\" id=\"us_grid_1\" style=\"--columns:3;--gap:1.5rem;\" data-filterable=\"true\"><style>.layout_1823 .w-grid-item-h{}.layout_1823 .usg_post_image_1{margin-right:5%!important;margin-left:0!important;width:30%!important}.layout_1823 .usg_post_title_1{font-family:var(--font-family)!important;font-size:1.2rem!important}<\/style><div class=\"w-grid-list\">\t<article class=\"w-grid-item size_1x1 post-2382 post type-post status-publish format-standard has-post-thumbnail hentry category-news-es\" data-id=\"2382\">\r\n\t\t<div class=\"w-grid-item-h\">\r\n\t\t\t\t\t\t<div class=\"w-hwrapper usg_hwrapper_1 responsive align_left valign_top\"><div class=\"w-post-elm post_image usg_post_image_1 as_circle has_width stretched\"><a href=\"https:\/\/tomasbordalejo.com\/es\/baguala-estreno-david-kadouch-la-scala-paris\" aria-label=\"Baguala, David Kadouch, La Scala Paris. Estreno el 11 de octubre del 2019\"><img loading=\"lazy\" decoding=\"async\" width=\"350\" height=\"350\" src=\"https:\/\/tomasbordalejo.com\/wp-content\/uploads\/2019\/08\/Capture-d\u2019e\u0301cran-2019-08-16-a\u0300-10.37.22-350x350.png\" class=\"attachment-us_350_350_crop size-us_350_350_crop wp-post-image\" alt=\"\" srcset=\"https:\/\/tomasbordalejo.com\/wp-content\/uploads\/2019\/08\/Capture-d\u2019e\u0301cran-2019-08-16-a\u0300-10.37.22-350x350.png 350w, https:\/\/tomasbordalejo.com\/wp-content\/uploads\/2019\/08\/Capture-d\u2019e\u0301cran-2019-08-16-a\u0300-10.37.22-150x150.png 150w, https:\/\/tomasbordalejo.com\/wp-content\/uploads\/2019\/08\/Capture-d\u2019e\u0301cran-2019-08-16-a\u0300-10.37.22-300x300.png 300w, https:\/\/tomasbordalejo.com\/wp-content\/uploads\/2019\/08\/Capture-d\u2019e\u0301cran-2019-08-16-a\u0300-10.37.22-50x50.png 50w, https:\/\/tomasbordalejo.com\/wp-content\/uploads\/2019\/08\/Capture-d\u2019e\u0301cran-2019-08-16-a\u0300-10.37.22.png 527w\" sizes=\"auto, (max-width: 350px) 100vw, 350px\" \/><\/a><\/div><div class=\"w-vwrapper usg_vwrapper_1 align_left valign_top\"><h2 class=\"w-post-elm post_title usg_post_title_1 entry-title color_link_inherit\"><a href=\"https:\/\/tomasbordalejo.com\/es\/baguala-estreno-david-kadouch-la-scala-paris\">Baguala, David Kadouch, La Scala Paris. Estreno el 11 de octubre del 2019<\/a><\/h2><\/div><\/div>\t\t<\/div>\r\n\t\t\t<\/article>\r\n\t<article class=\"w-grid-item size_1x1 post-1636 post type-post status-publish format-standard has-post-thumbnail hentry category-news-es\" data-id=\"1636\">\r\n\t\t<div class=\"w-grid-item-h\">\r\n\t\t\t\t\t\t<div class=\"w-hwrapper usg_hwrapper_1 responsive align_left valign_top\"><div class=\"w-post-elm post_image usg_post_image_1 as_circle has_width stretched\"><a href=\"https:\/\/tomasbordalejo.com\/es\/las-horas-concerto-pour-percussion-et-ensemble-avec-quentin-dubreuil-et-lensemble-2e2m-creation-en-2020_esp\" aria-label=\"Las Horas, Concierto para Percusi\u00f3n, Quentin Dubreuil, Ensamble 2e2m. Estreno el 6 de marzo del 2020\"><img loading=\"lazy\" decoding=\"async\" width=\"350\" height=\"350\" src=\"https:\/\/tomasbordalejo.com\/wp-content\/uploads\/2018\/05\/espace_Temps-1-350x350.png\" class=\"attachment-us_350_350_crop size-us_350_350_crop wp-post-image\" alt=\"tomas bordalejo\" srcset=\"https:\/\/tomasbordalejo.com\/wp-content\/uploads\/2018\/05\/espace_Temps-1-350x350.png 350w, https:\/\/tomasbordalejo.com\/wp-content\/uploads\/2018\/05\/espace_Temps-1-150x150.png 150w, https:\/\/tomasbordalejo.com\/wp-content\/uploads\/2018\/05\/espace_Temps-1-600x600.png 600w, https:\/\/tomasbordalejo.com\/wp-content\/uploads\/2018\/05\/espace_Temps-1-50x50.png 50w\" sizes=\"auto, (max-width: 350px) 100vw, 350px\" \/><\/a><\/div><div class=\"w-vwrapper usg_vwrapper_1 align_left valign_top\"><h2 class=\"w-post-elm post_title usg_post_title_1 entry-title color_link_inherit\"><a href=\"https:\/\/tomasbordalejo.com\/es\/las-horas-concerto-pour-percussion-et-ensemble-avec-quentin-dubreuil-et-lensemble-2e2m-creation-en-2020_esp\">Las Horas, Concierto para Percusi\u00f3n, Quentin Dubreuil, Ensamble 2e2m. Estreno el 6 de marzo del 2020<\/a><\/h2><\/div><\/div>\t\t<\/div>\r\n\t\t\t<\/article>\r\n\t<article class=\"w-grid-item size_1x1 post-1628 post type-post status-publish format-standard has-post-thumbnail hentry category-projets-a-venir-es\" data-id=\"1628\">\r\n\t\t<div class=\"w-grid-item-h\">\r\n\t\t\t\t\t\t<div class=\"w-hwrapper usg_hwrapper_1 responsive align_left valign_top\"><div class=\"w-post-elm post_image usg_post_image_1 as_circle has_width stretched\"><a href=\"https:\/\/tomasbordalejo.com\/es\/iphigenie-gonflable-opera-de-poche_esp\" aria-label=\"Ifigenia Inflable, \u00d3pera de bolsillo. Libreto de Nahuel Di Pierro y M\u00fasica de Tom\u00e1s Bordalejo. Estreno en 2021\"><img loading=\"lazy\" decoding=\"async\" width=\"350\" height=\"350\" src=\"https:\/\/tomasbordalejo.com\/wp-content\/uploads\/2018\/05\/Iphige\u0301nie-350x350.png\" class=\"attachment-us_350_350_crop size-us_350_350_crop wp-post-image\" alt=\"tomas bordalejo\" srcset=\"https:\/\/tomasbordalejo.com\/wp-content\/uploads\/2018\/05\/Iphige\u0301nie-350x350.png 350w, https:\/\/tomasbordalejo.com\/wp-content\/uploads\/2018\/05\/Iphige\u0301nie-150x150.png 150w\" sizes=\"auto, (max-width: 350px) 100vw, 350px\" \/><\/a><\/div><div class=\"w-vwrapper usg_vwrapper_1 align_left valign_top\"><h2 class=\"w-post-elm post_title usg_post_title_1 entry-title color_link_inherit\"><a href=\"https:\/\/tomasbordalejo.com\/es\/iphigenie-gonflable-opera-de-poche_esp\">Ifigenia Inflable, \u00d3pera de bolsillo. Libreto de Nahuel Di Pierro y M\u00fasica de Tom\u00e1s Bordalejo. Estreno en 2021<\/a><\/h2><\/div><\/div>\t\t<\/div>\r\n\t\t\t<\/article>\r\n\t<article class=\"w-grid-item size_1x1 post-1632 post type-post status-publish format-standard has-post-thumbnail hentry category-projets-a-venir-es\" data-id=\"1632\">\r\n\t\t<div class=\"w-grid-item-h\">\r\n\t\t\t\t\t\t<div class=\"w-hwrapper usg_hwrapper_1 responsive align_left valign_top\"><div class=\"w-post-elm post_image usg_post_image_1 as_circle has_width stretched\"><a href=\"https:\/\/tomasbordalejo.com\/es\/opera-de-poche-la-phallus-magique_esp\" aria-label=\"El Falo M\u00e1gico, \u00d3pera de bolsillo. Libreto de Nahuel Di Pierro y M\u00fasica de Tom\u00e1s Bordalejo. Estreno en 2021\"><img loading=\"lazy\" decoding=\"async\" width=\"350\" height=\"350\" src=\"https:\/\/tomasbordalejo.com\/wp-content\/uploads\/2018\/05\/Magic_Phallus-350x350.png\" class=\"attachment-us_350_350_crop size-us_350_350_crop wp-post-image\" alt=\"tomas bordalejo\" srcset=\"https:\/\/tomasbordalejo.com\/wp-content\/uploads\/2018\/05\/Magic_Phallus-350x350.png 350w, https:\/\/tomasbordalejo.com\/wp-content\/uploads\/2018\/05\/Magic_Phallus-150x150.png 150w, https:\/\/tomasbordalejo.com\/wp-content\/uploads\/2018\/05\/Magic_Phallus-50x50.png 50w\" sizes=\"auto, (max-width: 350px) 100vw, 350px\" \/><\/a><\/div><div class=\"w-vwrapper usg_vwrapper_1 align_left valign_top\"><h2 class=\"w-post-elm post_title usg_post_title_1 entry-title color_link_inherit\"><a href=\"https:\/\/tomasbordalejo.com\/es\/opera-de-poche-la-phallus-magique_esp\">El Falo M\u00e1gico, \u00d3pera de bolsillo. Libreto de Nahuel Di Pierro y M\u00fasica de Tom\u00e1s Bordalejo. Estreno en 2021<\/a><\/h2><\/div><\/div>\t\t<\/div>\r\n\t\t\t<\/article>\r\n<\/div>\t<div class=\"w-grid-preloader\">\r\n\t\t<div class=\"g-preloader type_1\">\r\n\t\t\t<div><\/div>\r\n\t\t<\/div>\r\n\t<\/div>\r\n\t\t<div class=\"w-grid-json hidden\" onclick='return {&quot;action&quot;:&quot;us_ajax_grid&quot;,&quot;infinite_scroll&quot;:0,&quot;max_num_pages&quot;:1,&quot;pagination&quot;:&quot;none&quot;,&quot;template_vars&quot;:{&quot;columns&quot;:&quot;3&quot;,&quot;exclude_items&quot;:&quot;none&quot;,&quot;img_size&quot;:&quot;default&quot;,&quot;ignore_items_size&quot;:0,&quot;items_layout&quot;:&quot;1823&quot;,&quot;items_offset&quot;:&quot;1&quot;,&quot;load_animation&quot;:&quot;none&quot;,&quot;overriding_link&quot;:&quot;{\\&quot;url\\&quot;:\\&quot;\\&quot;}&quot;,&quot;post_id&quot;:0,&quot;query_args&quot;:{&quot;post_type&quot;:[&quot;post&quot;],&quot;tax_query&quot;:[{&quot;taxonomy&quot;:&quot;category&quot;,&quot;field&quot;:&quot;slug&quot;,&quot;terms&quot;:[&quot;news&quot;,&quot;projets-a-venir&quot;]}],&quot;post_status&quot;:[&quot;publish&quot;,&quot;acf-disabled&quot;],&quot;posts_per_page&quot;:&quot;10&quot;},&quot;orderby_query_args&quot;:{&quot;orderby&quot;:{&quot;date&quot;:&quot;DESC&quot;}},&quot;type&quot;:&quot;grid&quot;,&quot;us_grid_post_type&quot;:&quot;post&quot;,&quot;us_grid_ajax_index&quot;:1,&quot;us_grid_filter_query_string&quot;:null,&quot;us_grid_index&quot;:1,&quot;page_args&quot;:[],&quot;lang&quot;:&quot;es&quot;}}'><\/div>\r\n\t<\/div><\/div><\/div><\/div><\/div><\/div><\/section>\n","protected":false},"excerpt":{"rendered":"El Falo M\u00e1gico, \u00d3pera de bolsillo. Libreto de Nahuel Di Pierro y M\u00fasica de Tom\u00e1s Bordalejo. Estreno en 2020","protected":false},"author":4,"featured_media":0,"parent":0,"menu_order":0,"comment_status":"closed","ping_status":"closed","template":"","meta":{"_acf_changed":false,"footnotes":""},"class_list":["post-1616","page","type-page","status-publish","hentry"],"acf":[],"yoast_head":"<!-- This site is optimized with the Yoast SEO plugin v27.1.1 - https:\/\/yoast.com\/product\/yoast-seo-wordpress\/ -->\n<title>PROYECTOS - Tom\u00e1s Bordalejo, compositeur<\/title>\n<meta name=\"robots\" content=\"index, follow, max-snippet:-1, max-image-preview:large, max-video-preview:-1\" \/>\n<link rel=\"canonical\" href=\"https:\/\/tomasbordalejo.com\/es\/proyectos_futuros\" \/>\n<meta property=\"og:locale\" content=\"es_ES\" \/>\n<meta property=\"og:type\" content=\"article\" \/>\n<meta property=\"og:title\" content=\"PROYECTOS - Tom\u00e1s Bordalejo, compositeur\" \/>\n<meta property=\"og:url\" content=\"https:\/\/tomasbordalejo.com\/es\/proyectos_futuros\" \/>\n<meta property=\"og:site_name\" content=\"Tom\u00e1s Bordalejo, compositeur\" \/>\n<meta property=\"article:publisher\" content=\"https:\/\/www.facebook.com\/tomasbordalejocomposer\" \/>\n<meta property=\"article:modified_time\" content=\"2019-04-28T15:40:37+00:00\" \/>\n<meta name=\"twitter:card\" content=\"summary_large_image\" \/>\n<meta name=\"twitter:site\" content=\"@tbordalejo\" \/>\n<script type=\"application\/ld+json\" class=\"yoast-schema-graph\">{\"@context\":\"https:\/\/schema.org\",\"@graph\":[{\"@type\":\"WebPage\",\"@id\":\"https:\/\/tomasbordalejo.com\/es\/proyectos_futuros\",\"url\":\"https:\/\/tomasbordalejo.com\/es\/proyectos_futuros\",\"name\":\"PROYECTOS - Tom\u00e1s Bordalejo, compositeur\",\"isPartOf\":{\"@id\":\"https:\/\/tomasbordalejo.com\/#website\"},\"datePublished\":\"2018-06-08T08:57:43+00:00\",\"dateModified\":\"2019-04-28T15:40:37+00:00\",\"breadcrumb\":{\"@id\":\"https:\/\/tomasbordalejo.com\/es\/proyectos_futuros#breadcrumb\"},\"inLanguage\":\"es\",\"potentialAction\":[{\"@type\":\"ReadAction\",\"target\":[\"https:\/\/tomasbordalejo.com\/es\/proyectos_futuros\"]}]},{\"@type\":\"BreadcrumbList\",\"@id\":\"https:\/\/tomasbordalejo.com\/es\/proyectos_futuros#breadcrumb\",\"itemListElement\":[{\"@type\":\"ListItem\",\"position\":1,\"name\":\"Accueil\",\"item\":\"https:\/\/tomasbordalejo.com\/es\"},{\"@type\":\"ListItem\",\"position\":2,\"name\":\"PROYECTOS\"}]},{\"@type\":\"WebSite\",\"@id\":\"https:\/\/tomasbordalejo.com\/#website\",\"url\":\"https:\/\/tomasbordalejo.com\/\",\"name\":\"Tom\u00e1s Bordalejo, compositeur\",\"description\":\"Tom\u00e1s Bordalejo, compositeur\",\"publisher\":{\"@id\":\"https:\/\/tomasbordalejo.com\/#\/schema\/person\/6ab7984d30366842bf9b9a8cf71db745\"},\"potentialAction\":[{\"@type\":\"SearchAction\",\"target\":{\"@type\":\"EntryPoint\",\"urlTemplate\":\"https:\/\/tomasbordalejo.com\/?s={search_term_string}\"},\"query-input\":{\"@type\":\"PropertyValueSpecification\",\"valueRequired\":true,\"valueName\":\"search_term_string\"}}],\"inLanguage\":\"es\"},{\"@type\":[\"Person\",\"Organization\"],\"@id\":\"https:\/\/tomasbordalejo.com\/#\/schema\/person\/6ab7984d30366842bf9b9a8cf71db745\",\"name\":\"tomas\",\"image\":{\"@type\":\"ImageObject\",\"inLanguage\":\"es\",\"@id\":\"https:\/\/tomasbordalejo.com\/#\/schema\/person\/image\/\",\"url\":\"https:\/\/secure.gravatar.com\/avatar\/5622e9bc65dd74b310a0f58d971324bd07b851905903245fb7b2a1409351cf0c?s=96&d=mm&r=g\",\"contentUrl\":\"https:\/\/secure.gravatar.com\/avatar\/5622e9bc65dd74b310a0f58d971324bd07b851905903245fb7b2a1409351cf0c?s=96&d=mm&r=g\",\"caption\":\"tomas\"},\"logo\":{\"@id\":\"https:\/\/tomasbordalejo.com\/#\/schema\/person\/image\/\"},\"sameAs\":[\"http:\/\/tomasbordalejo.com\",\"https:\/\/www.facebook.com\/tomasbordalejocomposer\",\"https:\/\/www.instagram.com\/tomasbordalejocomposer\/\",\"https:\/\/x.com\/https:\/\/twitter.com\/tbordalejo\",\"https:\/\/www.youtube.com\/channel\/UCJqnZZkN9ZjsC8W4SxRy9sg?view_as=subscriber\",\"https:\/\/tomasbordalejo.bandcamp.com\/\"]}]}<\/script>\n<!-- \/ Yoast SEO plugin. -->","yoast_head_json":{"title":"PROYECTOS - Tom\u00e1s Bordalejo, compositeur","robots":{"index":"index","follow":"follow","max-snippet":"max-snippet:-1","max-image-preview":"max-image-preview:large","max-video-preview":"max-video-preview:-1"},"canonical":"https:\/\/tomasbordalejo.com\/es\/proyectos_futuros","og_locale":"es_ES","og_type":"article","og_title":"PROYECTOS - Tom\u00e1s Bordalejo, compositeur","og_url":"https:\/\/tomasbordalejo.com\/es\/proyectos_futuros","og_site_name":"Tom\u00e1s Bordalejo, compositeur","article_publisher":"https:\/\/www.facebook.com\/tomasbordalejocomposer","article_modified_time":"2019-04-28T15:40:37+00:00","twitter_card":"summary_large_image","twitter_site":"@tbordalejo","schema":{"@context":"https:\/\/schema.org","@graph":[{"@type":"WebPage","@id":"https:\/\/tomasbordalejo.com\/es\/proyectos_futuros","url":"https:\/\/tomasbordalejo.com\/es\/proyectos_futuros","name":"PROYECTOS - Tom\u00e1s Bordalejo, compositeur","isPartOf":{"@id":"https:\/\/tomasbordalejo.com\/#website"},"datePublished":"2018-06-08T08:57:43+00:00","dateModified":"2019-04-28T15:40:37+00:00","breadcrumb":{"@id":"https:\/\/tomasbordalejo.com\/es\/proyectos_futuros#breadcrumb"},"inLanguage":"es","potentialAction":[{"@type":"ReadAction","target":["https:\/\/tomasbordalejo.com\/es\/proyectos_futuros"]}]},{"@type":"BreadcrumbList","@id":"https:\/\/tomasbordalejo.com\/es\/proyectos_futuros#breadcrumb","itemListElement":[{"@type":"ListItem","position":1,"name":"Accueil","item":"https:\/\/tomasbordalejo.com\/es"},{"@type":"ListItem","position":2,"name":"PROYECTOS"}]},{"@type":"WebSite","@id":"https:\/\/tomasbordalejo.com\/#website","url":"https:\/\/tomasbordalejo.com\/","name":"Tom\u00e1s Bordalejo, compositeur","description":"Tom\u00e1s Bordalejo, compositeur","publisher":{"@id":"https:\/\/tomasbordalejo.com\/#\/schema\/person\/6ab7984d30366842bf9b9a8cf71db745"},"potentialAction":[{"@type":"SearchAction","target":{"@type":"EntryPoint","urlTemplate":"https:\/\/tomasbordalejo.com\/?s={search_term_string}"},"query-input":{"@type":"PropertyValueSpecification","valueRequired":true,"valueName":"search_term_string"}}],"inLanguage":"es"},{"@type":["Person","Organization"],"@id":"https:\/\/tomasbordalejo.com\/#\/schema\/person\/6ab7984d30366842bf9b9a8cf71db745","name":"tomas","image":{"@type":"ImageObject","inLanguage":"es","@id":"https:\/\/tomasbordalejo.com\/#\/schema\/person\/image\/","url":"https:\/\/secure.gravatar.com\/avatar\/5622e9bc65dd74b310a0f58d971324bd07b851905903245fb7b2a1409351cf0c?s=96&d=mm&r=g","contentUrl":"https:\/\/secure.gravatar.com\/avatar\/5622e9bc65dd74b310a0f58d971324bd07b851905903245fb7b2a1409351cf0c?s=96&d=mm&r=g","caption":"tomas"},"logo":{"@id":"https:\/\/tomasbordalejo.com\/#\/schema\/person\/image\/"},"sameAs":["http:\/\/tomasbordalejo.com","https:\/\/www.facebook.com\/tomasbordalejocomposer","https:\/\/www.instagram.com\/tomasbordalejocomposer\/","https:\/\/x.com\/https:\/\/twitter.com\/tbordalejo","https:\/\/www.youtube.com\/channel\/UCJqnZZkN9ZjsC8W4SxRy9sg?view_as=subscriber","https:\/\/tomasbordalejo.bandcamp.com\/"]}]}},"_links":{"self":[{"href":"https:\/\/tomasbordalejo.com\/es\/wp-json\/wp\/v2\/pages\/1616","targetHints":{"allow":["GET"]}}],"collection":[{"href":"https:\/\/tomasbordalejo.com\/es\/wp-json\/wp\/v2\/pages"}],"about":[{"href":"https:\/\/tomasbordalejo.com\/es\/wp-json\/wp\/v2\/types\/page"}],"author":[{"embeddable":true,"href":"https:\/\/tomasbordalejo.com\/es\/wp-json\/wp\/v2\/users\/4"}],"replies":[{"embeddable":true,"href":"https:\/\/tomasbordalejo.com\/es\/wp-json\/wp\/v2\/comments?post=1616"}],"version-history":[{"count":5,"href":"https:\/\/tomasbordalejo.com\/es\/wp-json\/wp\/v2\/pages\/1616\/revisions"}],"predecessor-version":[{"id":2026,"href":"https:\/\/tomasbordalejo.com\/es\/wp-json\/wp\/v2\/pages\/1616\/revisions\/2026"}],"wp:attachment":[{"href":"https:\/\/tomasbordalejo.com\/es\/wp-json\/wp\/v2\/media?parent=1616"}],"curies":[{"name":"wp","href":"https:\/\/api.w.org\/{rel}","templated":true}]}}